{"id":5634,"date":"2024-01-12T12:55:28","date_gmt":"2024-01-12T11:55:28","guid":{"rendered":"https:\/\/bpact.be\/clients\/?page_id=5634"},"modified":"2026-01-22T11:51:58","modified_gmt":"2026-01-22T10:51:58","slug":"a-propos-de-bpact","status":"publish","type":"page","link":"https:\/\/bpact.be\/clients\/fr\/a-propos-de-bpact\/","title":{"rendered":"\u00c0 propos de Bpact"},"content":{"rendered":"\t\t<div data-elementor-type=\"wp-post\" data-elementor-id=\"5634\" class=\"elementor elementor-5634\">\n\t\t\t\t\t\t<section class=\"elementor-section elementor-top-section elementor-element elementor-element-70c5865 elementor-section-full_width elementor-section-height-default elementor-section-height-default\" data-id=\"70c5865\" data-element_type=\"section\" data-e-type=\"section\">\n\t\t\t\t\t\t\t<div class=\"elementor-background-overlay\"><\/div>\n\t\t\t\t\t\t\t<div class=\"elementor-container elementor-column-gap-default\">\n\t\t\t\t\t<div class=\"elementor-column elementor-col-50 elementor-top-column elementor-element elementor-element-f123b1a animated-slow\" data-id=\"f123b1a\" data-element_type=\"column\" data-e-type=\"column\" data-settings=\"{&quot;animation&quot;:&quot;none&quot;,&quot;animation_delay&quot;:500,&quot;background_background&quot;:&quot;classic&quot;}\">\n\t\t\t<div class=\"elementor-widget-wrap elementor-element-populated\">\n\t\t\t\t\t\t<section class=\"elementor-section elementor-inner-section elementor-element elementor-element-ac6de25 elementor-section-boxed elementor-section-height-default elementor-section-height-default\" data-id=\"ac6de25\" data-element_type=\"section\" data-e-type=\"section\">\n\t\t\t\t\t\t<div class=\"elementor-container elementor-column-gap-default\">\n\t\t\t\t\t<div class=\"elementor-column elementor-col-100 elementor-inner-column elementor-element elementor-element-f4406a1\" data-id=\"f4406a1\" data-element_type=\"column\" data-e-type=\"column\">\n\t\t\t<div class=\"elementor-widget-wrap elementor-element-populated\">\n\t\t\t\t\t\t<div class=\"elementor-element elementor-element-b937492 elementor-widget elementor-widget-heading\" data-id=\"b937492\" data-element_type=\"widget\" data-e-type=\"widget\" data-widget_type=\"heading.default\">\n\t\t\t\t<div class=\"elementor-widget-container\">\n\t\t\t\t\t<h1 class=\"elementor-heading-title elementor-size-xxl\">\u00c0 propos de Bpact<\/h1>\t\t\t\t<\/div>\n\t\t\t\t<\/div>\n\t\t\t\t\t<\/div>\n\t\t<\/div>\n\t\t\t\t\t<\/div>\n\t\t<\/section>\n\t\t\t\t\t<\/div>\n\t\t<\/div>\n\t\t\t\t<div class=\"elementor-column elementor-col-50 elementor-top-column elementor-element elementor-element-cf2a27a\" data-id=\"cf2a27a\" data-element_type=\"column\" data-e-type=\"column\" data-settings=\"{&quot;background_background&quot;:&quot;classic&quot;}\">\n\t\t\t<div class=\"elementor-widget-wrap elementor-element-populated\">\n\t\t\t\t\t<div class=\"elementor-background-overlay\"><\/div>\n\t\t\t\t\t\t<div class=\"elementor-element elementor-element-d83968c elementor-widget elementor-widget-spacer\" data-id=\"d83968c\" data-element_type=\"widget\" data-e-type=\"widget\" data-widget_type=\"spacer.default\">\n\t\t\t\t<div class=\"elementor-widget-container\">\n\t\t\t\t\t\t\t<div class=\"elementor-spacer\">\n\t\t\t<div class=\"elementor-spacer-inner\"><\/div>\n\t\t<\/div>\n\t\t\t\t\t\t<\/div>\n\t\t\t\t<\/div>\n\t\t\t\t\t<\/div>\n\t\t<\/div>\n\t\t\t\t\t<\/div>\n\t\t<\/section>\n\t\t\t\t<section class=\"elementor-section elementor-top-section elementor-element elementor-element-4843191 elementor-section-boxed elementor-section-height-default elementor-section-height-default\" data-id=\"4843191\" data-element_type=\"section\" data-e-type=\"section\">\n\t\t\t\t\t\t<div class=\"elementor-container elementor-column-gap-default\">\n\t\t\t\t\t<div class=\"elementor-column elementor-col-50 elementor-top-column elementor-element elementor-element-9f2959d\" data-id=\"9f2959d\" data-element_type=\"column\" data-e-type=\"column\">\n\t\t\t<div class=\"elementor-widget-wrap elementor-element-populated\">\n\t\t\t\t\t\t<div class=\"elementor-element elementor-element-14ee142 elementor-widget elementor-widget-text-editor\" data-id=\"14ee142\" data-element_type=\"widget\" data-e-type=\"widget\" data-widget_type=\"text-editor.default\">\n\t\t\t\t<div class=\"elementor-widget-container\">\n\t\t\t\t\t\t\t\t\t<p>Notre mission et notre d\u00e9termination : faire entendre la voix de chaque Belge<\/p>\t\t\t\t\t\t\t\t<\/div>\n\t\t\t\t<\/div>\n\t\t\t\t<div class=\"elementor-element elementor-element-21e95356 elementor-widget elementor-widget-text-editor\" data-id=\"21e95356\" data-element_type=\"widget\" data-e-type=\"widget\" data-widget_type=\"text-editor.default\">\n\t\t\t\t<div class=\"elementor-widget-container\">\n\t\t\t\t\t\t\t\t\t<p>Nous sommes convaincus que la prise de d\u00e9cisions ne peut se faire sans une vision pr\u00e9cise de ce qui anime la population. C\u2019est pourquoi nous nous engageons \u00e0 collecter des donn\u00e9es enrichies sur les sujets de soci\u00e9t\u00e9 qui touchent les Belges au quotidien comme<strong> le logement, le travail, le mode de vie, les finances, la mobilit\u00e9, la s\u00e9curit\u00e9 et l\u2019alimentation<\/strong>.<\/p><p>Nous sommes une \u00e9quipe de professionnels enthousiastes chapeaut\u00e9s par <u>Jo Steyaert<\/u> et <u>Winfried Mortelmans<\/u>, m\u00ealant jeunes talents et experts aguerris du secteur. Nous sommes des chercheurs, des chefs de projet, des analystes de donn\u00e9es, des d\u00e9veloppeurs et des professionnels de la communication partageant une m\u00eame mission : g\u00e9rer un <u>panel de recherche qualitatif<\/u> et repr\u00e9sentatif, et mener un travail de terrain de qualit\u00e9.<\/p><p>Gr\u00e2ce \u00e0 notre r\u00e9seau de partenaires, nos projets de recherche et de participation prennent encore plus d\u2019ampleur !<\/p>\t\t\t\t\t\t\t\t<\/div>\n\t\t\t\t<\/div>\n\t\t\t\t\t<\/div>\n\t\t<\/div>\n\t\t\t\t<div class=\"elementor-column elementor-col-50 elementor-top-column elementor-element elementor-element-41347b7\" data-id=\"41347b7\" data-element_type=\"column\" data-e-type=\"column\" data-settings=\"{&quot;background_background&quot;:&quot;classic&quot;}\">\n\t\t\t<div class=\"elementor-widget-wrap elementor-element-populated\">\n\t\t\t\t\t\t<div class=\"elementor-element elementor-element-1c7ca2a elementor-widget elementor-widget-spacer\" data-id=\"1c7ca2a\" data-element_type=\"widget\" data-e-type=\"widget\" data-widget_type=\"spacer.default\">\n\t\t\t\t<div class=\"elementor-widget-container\">\n\t\t\t\t\t\t\t<div class=\"elementor-spacer\">\n\t\t\t<div class=\"elementor-spacer-inner\"><\/div>\n\t\t<\/div>\n\t\t\t\t\t\t<\/div>\n\t\t\t\t<\/div>\n\t\t\t\t<div class=\"elementor-element elementor-element-8d8c19a elementor-widget elementor-widget-image\" data-id=\"8d8c19a\" data-element_type=\"widget\" data-e-type=\"widget\" data-widget_type=\"image.default\">\n\t\t\t\t<div class=\"elementor-widget-container\">\n\t\t\t\t\t\t\t\t\t\t\t\t\t\t\t<img decoding=\"async\" width=\"150\" height=\"150\" src=\"https:\/\/bpact.be\/clients\/wp-content\/uploads\/sites\/12\/2019\/05\/accolade-links.png\" class=\"attachment-large size-large wp-image-86\" alt=\"\" \/>\t\t\t\t\t\t\t\t\t\t\t\t\t\t\t<\/div>\n\t\t\t\t<\/div>\n\t\t\t\t<div class=\"elementor-element elementor-element-446fc1a elementor-widget elementor-widget-spacer\" data-id=\"446fc1a\" data-element_type=\"widget\" data-e-type=\"widget\" data-widget_type=\"spacer.default\">\n\t\t\t\t<div class=\"elementor-widget-container\">\n\t\t\t\t\t\t\t<div class=\"elementor-spacer\">\n\t\t\t<div class=\"elementor-spacer-inner\"><\/div>\n\t\t<\/div>\n\t\t\t\t\t\t<\/div>\n\t\t\t\t<\/div>\n\t\t\t\t\t<\/div>\n\t\t<\/div>\n\t\t\t\t\t<\/div>\n\t\t<\/section>\n\t\t\t\t<section class=\"elementor-section elementor-top-section elementor-element elementor-element-2ef52e3 elementor-section-boxed elementor-section-height-default elementor-section-height-default\" data-id=\"2ef52e3\" data-element_type=\"section\" data-e-type=\"section\">\n\t\t\t\t\t\t<div class=\"elementor-container elementor-column-gap-default\">\n\t\t\t\t\t<div class=\"elementor-column elementor-col-100 elementor-top-column elementor-element elementor-element-3f7095b\" data-id=\"3f7095b\" data-element_type=\"column\" data-e-type=\"column\">\n\t\t\t<div class=\"elementor-widget-wrap elementor-element-populated\">\n\t\t\t\t\t\t<div class=\"elementor-element elementor-element-6695a46 elementor-widget elementor-widget-image\" data-id=\"6695a46\" data-element_type=\"widget\" data-e-type=\"widget\" data-widget_type=\"image.default\">\n\t\t\t\t<div class=\"elementor-widget-container\">\n\t\t\t\t\t\t\t\t\t\t\t\t\t\t\t<img fetchpriority=\"high\" decoding=\"async\" width=\"1024\" height=\"399\" src=\"https:\/\/bpact.be\/clients\/wp-content\/uploads\/sites\/12\/2024\/10\/Picture1-e1729761474302-1024x399.jpg\" class=\"attachment-large size-large wp-image-5824\" alt=\"\" srcset=\"https:\/\/bpact.be\/clients\/wp-content\/uploads\/sites\/12\/2024\/10\/Picture1-e1729761474302-1024x399.jpg 1024w, https:\/\/bpact.be\/clients\/wp-content\/uploads\/sites\/12\/2024\/10\/Picture1-e1729761474302-300x117.jpg 300w, https:\/\/bpact.be\/clients\/wp-content\/uploads\/sites\/12\/2024\/10\/Picture1-e1729761474302-768x299.jpg 768w, https:\/\/bpact.be\/clients\/wp-content\/uploads\/sites\/12\/2024\/10\/Picture1-e1729761474302.jpg 1386w\" sizes=\"(max-width: 1024px) 100vw, 1024px\" \/>\t\t\t\t\t\t\t\t\t\t\t\t\t\t\t<\/div>\n\t\t\t\t<\/div>\n\t\t\t\t\t<\/div>\n\t\t<\/div>\n\t\t\t\t\t<\/div>\n\t\t<\/section>\n\t\t\t\t<section class=\"elementor-section elementor-top-section elementor-element elementor-element-895cbfa elementor-section-boxed elementor-section-height-default elementor-section-height-default\" data-id=\"895cbfa\" data-element_type=\"section\" data-e-type=\"section\">\n\t\t\t\t\t\t<div class=\"elementor-container elementor-column-gap-default\">\n\t\t\t\t\t<div class=\"elementor-column elementor-col-33 elementor-top-column elementor-element elementor-element-ba23f3b\" data-id=\"ba23f3b\" data-element_type=\"column\" data-e-type=\"column\" data-settings=\"{&quot;background_background&quot;:&quot;classic&quot;}\">\n\t\t\t<div class=\"elementor-widget-wrap elementor-element-populated\">\n\t\t\t\t\t\t<div class=\"elementor-element elementor-element-227b822 elementor-widget elementor-widget-spacer\" data-id=\"227b822\" data-element_type=\"widget\" data-e-type=\"widget\" data-widget_type=\"spacer.default\">\n\t\t\t\t<div class=\"elementor-widget-container\">\n\t\t\t\t\t\t\t<div class=\"elementor-spacer\">\n\t\t\t<div class=\"elementor-spacer-inner\"><\/div>\n\t\t<\/div>\n\t\t\t\t\t\t<\/div>\n\t\t\t\t<\/div>\n\t\t\t\t<div class=\"elementor-element elementor-element-a89f526 elementor-widget elementor-widget-image\" data-id=\"a89f526\" data-element_type=\"widget\" data-e-type=\"widget\" data-widget_type=\"image.default\">\n\t\t\t\t<div class=\"elementor-widget-container\">\n\t\t\t\t\t\t\t\t\t\t\t\t\t\t\t<img decoding=\"async\" width=\"150\" height=\"150\" src=\"https:\/\/bpact.be\/clients\/wp-content\/uploads\/sites\/12\/2023\/09\/accolade-rechts.png\" class=\"attachment-large size-large wp-image-5094\" alt=\"\" \/>\t\t\t\t\t\t\t\t\t\t\t\t\t\t\t<\/div>\n\t\t\t\t<\/div>\n\t\t\t\t<div class=\"elementor-element elementor-element-631081d elementor-widget elementor-widget-spacer\" data-id=\"631081d\" data-element_type=\"widget\" data-e-type=\"widget\" data-widget_type=\"spacer.default\">\n\t\t\t\t<div class=\"elementor-widget-container\">\n\t\t\t\t\t\t\t<div class=\"elementor-spacer\">\n\t\t\t<div class=\"elementor-spacer-inner\"><\/div>\n\t\t<\/div>\n\t\t\t\t\t\t<\/div>\n\t\t\t\t<\/div>\n\t\t\t\t\t<\/div>\n\t\t<\/div>\n\t\t\t\t<div class=\"elementor-column elementor-col-66 elementor-top-column elementor-element elementor-element-c058061\" data-id=\"c058061\" data-element_type=\"column\" data-e-type=\"column\">\n\t\t\t<div class=\"elementor-widget-wrap elementor-element-populated\">\n\t\t\t\t\t\t<div class=\"elementor-element elementor-element-b409662 elementor-widget elementor-widget-heading\" data-id=\"b409662\" data-element_type=\"widget\" data-e-type=\"widget\" data-widget_type=\"heading.default\">\n\t\t\t\t<div class=\"elementor-widget-container\">\n\t\t\t\t\t<h2 class=\"elementor-heading-title elementor-size-default\">Cr\u00e9er des passerelles<\/h2>\t\t\t\t<\/div>\n\t\t\t\t<\/div>\n\t\t\t\t<div class=\"elementor-element elementor-element-636e5da elementor-widget elementor-widget-heading\" data-id=\"636e5da\" data-element_type=\"widget\" data-e-type=\"widget\" data-widget_type=\"heading.default\">\n\t\t\t\t<div class=\"elementor-widget-container\">\n\t\t\t\t\t<h4 class=\"elementor-heading-title elementor-size-default\">\u0152uvrer en faveur d\u2019un d\u00e9bat social nuanc\u00e9 et d\u2019un changement positif<\/h4>\t\t\t\t<\/div>\n\t\t\t\t<\/div>\n\t\t\t\t<div class=\"elementor-element elementor-element-c2f18dc elementor-widget elementor-widget-text-editor\" data-id=\"c2f18dc\" data-element_type=\"widget\" data-e-type=\"widget\" data-widget_type=\"text-editor.default\">\n\t\t\t\t<div class=\"elementor-widget-container\">\n\t\t\t\t\t\t\t\t\t<p>Le d\u00e9bat soci\u00e9tal est souvent fragment\u00e9 et les opinions exprim\u00e9es sur les r\u00e9seaux sociaux m\u00e8nent rarement \u00e0 un v\u00e9ritable changement. Face \u00e0 ce constat, Bpact cr\u00e9e un environnement o\u00f9 chacun peut exprimer son opinion sur des sujets de soci\u00e9t\u00e9 fondamentaux. <strong>Comme nous veillons \u00e0 ce que la voix de chacun soit entendue<\/strong> pour qu\u2019elle ait de l\u2019impact, nous nous effor\u00e7ons de b\u00e2tir des <strong>\u00e9chantillons (vraiment) repr\u00e9sentatifs<\/strong>. Nous recrutons activement, y compris parmi ceux qui sont plus difficiles \u00e0 atteindre.<\/p><p>En collaboration avec des organisations engag\u00e9es dans un changement positif, <strong>nous cr\u00e9ons des passerelles entre la population et les d\u00e9cideurs<\/strong>. Nous veillons \u00e0 ce que les d\u00e9cisions soient prises sur la base d\u2019une solide compr\u00e9hension de ce qui se passe dans notre soci\u00e9t\u00e9. <strong>En fournissant des donn\u00e9es et des informations fiables, nous nous effor\u00e7ons de faire la diff\u00e9rence et de contribuer \u00e0 un avenir meilleur pour chacun d\u2019entre nous.<\/strong><\/p>\t\t\t\t\t\t\t\t<\/div>\n\t\t\t\t<\/div>\n\t\t\t\t\t<\/div>\n\t\t<\/div>\n\t\t\t\t\t<\/div>\n\t\t<\/section>\n\t\t\t\t<\/div>\n\t\t","protected":false},"excerpt":{"rendered":"<p>\u00c0 propos de Bpact Notre mission et notre d\u00e9termination : faire entendre la voix de chaque Belge Nous sommes convaincus que la prise de d\u00e9cisions ne peut se faire sans une vision pr\u00e9cise de ce qui anime la population. C\u2019est pourquoi nous nous engageons \u00e0 collecter des donn\u00e9es enrichies sur les sujets de soci\u00e9t\u00e9 qui [&hellip;]<\/p>\n","protected":false},"author":1,"featured_media":0,"parent":0,"menu_order":0,"comment_status":"closed","ping_status":"closed","template":"elementor_header_footer","meta":{"ocean_post_layout":"","ocean_both_sidebars_style":"","ocean_both_sidebars_content_width":0,"ocean_both_sidebars_sidebars_width":0,"ocean_sidebar":"0","ocean_second_sidebar":"0","ocean_disable_margins":"enable","ocean_add_body_class":"","ocean_shortcode_before_top_bar":"","ocean_shortcode_after_top_bar":"","ocean_shortcode_before_header":"","ocean_shortcode_after_header":"","ocean_has_shortcode":"","ocean_shortcode_after_title":"","ocean_shortcode_before_footer_widgets":"","ocean_shortcode_after_footer_widgets":"","ocean_shortcode_before_footer_bottom":"","ocean_shortcode_after_footer_bottom":"","ocean_display_top_bar":"default","ocean_display_header":"default","ocean_header_style":"","ocean_center_header_left_menu":"0","ocean_custom_header_template":"0","ocean_custom_logo":0,"ocean_custom_retina_logo":0,"ocean_custom_logo_max_width":0,"ocean_custom_logo_tablet_max_width":0,"ocean_custom_logo_mobile_max_width":0,"ocean_custom_logo_max_height":0,"ocean_custom_logo_tablet_max_height":0,"ocean_custom_logo_mobile_max_height":0,"ocean_header_custom_menu":"0","ocean_menu_typo_font_family":"0","ocean_menu_typo_font_subset":"","ocean_menu_typo_font_size":0,"ocean_menu_typo_font_size_tablet":0,"ocean_menu_typo_font_size_mobile":0,"ocean_menu_typo_font_size_unit":"px","ocean_menu_typo_font_weight":"","ocean_menu_typo_font_weight_tablet":"","ocean_menu_typo_font_weight_mobile":"","ocean_menu_typo_transform":"","ocean_menu_typo_transform_tablet":"","ocean_menu_typo_transform_mobile":"","ocean_menu_typo_line_height":0,"ocean_menu_typo_line_height_tablet":0,"ocean_menu_typo_line_height_mobile":0,"ocean_menu_typo_line_height_unit":"","ocean_menu_typo_spacing":0,"ocean_menu_typo_spacing_tablet":0,"ocean_menu_typo_spacing_mobile":0,"ocean_menu_typo_spacing_unit":"","ocean_menu_link_color":"","ocean_menu_link_color_hover":"","ocean_menu_link_color_active":"","ocean_menu_link_background":"","ocean_menu_link_hover_background":"","ocean_menu_link_active_background":"","ocean_menu_social_links_bg":"","ocean_menu_social_hover_links_bg":"","ocean_menu_social_links_color":"","ocean_menu_social_hover_links_color":"","ocean_disable_title":"default","ocean_disable_heading":"default","ocean_post_title":"","ocean_post_subheading":"","ocean_post_title_style":"","ocean_post_title_background_color":"","ocean_post_title_background":0,"ocean_post_title_bg_image_position":"","ocean_post_title_bg_image_attachment":"","ocean_post_title_bg_image_repeat":"","ocean_post_title_bg_image_size":"","ocean_post_title_height":0,"ocean_post_title_bg_overlay":0.5,"ocean_post_title_bg_overlay_color":"","ocean_disable_breadcrumbs":"default","ocean_breadcrumbs_color":"","ocean_breadcrumbs_separator_color":"","ocean_breadcrumbs_links_color":"","ocean_breadcrumbs_links_hover_color":"","ocean_display_footer_widgets":"default","ocean_display_footer_bottom":"default","ocean_custom_footer_template":"0","footnotes":""},"class_list":["post-5634","page","type-page","status-publish","hentry","entry"],"yoast_head":"<!-- This site is optimized with the Yoast SEO plugin v27.2 - https:\/\/yoast.com\/product\/yoast-seo-wordpress\/ -->\n<title>\u00c0 propos de Bpact - Bpact Clients<\/title>\n<meta name=\"robots\" content=\"index, follow, max-snippet:-1, max-image-preview:large, max-video-preview:-1\" \/>\n<link rel=\"canonical\" href=\"https:\/\/bpact.be\/clients\/fr\/a-propos-de-bpact\/\" \/>\n<meta property=\"og:locale\" content=\"en_US\" \/>\n<meta property=\"og:type\" content=\"article\" \/>\n<meta property=\"og:title\" content=\"\u00c0 propos de Bpact - Bpact Clients\" \/>\n<meta property=\"og:description\" content=\"\u00c0 propos de Bpact Notre mission et notre d\u00e9termination : faire entendre la voix de chaque Belge Nous sommes convaincus que la prise de d\u00e9cisions ne peut se faire sans une vision pr\u00e9cise de ce qui anime la population. C\u2019est pourquoi nous nous engageons \u00e0 collecter des donn\u00e9es enrichies sur les sujets de soci\u00e9t\u00e9 qui [&hellip;]\" \/>\n<meta property=\"og:url\" content=\"https:\/\/bpact.be\/clients\/fr\/a-propos-de-bpact\/\" \/>\n<meta property=\"og:site_name\" content=\"Bpact Clients\" \/>\n<meta property=\"article:modified_time\" content=\"2026-01-22T10:51:58+00:00\" \/>\n<meta property=\"og:image\" content=\"https:\/\/bpact.be\/clients\/wp-content\/uploads\/sites\/12\/2019\/05\/accolade-links.png\" \/>\n<meta name=\"twitter:card\" content=\"summary_large_image\" \/>\n<meta name=\"twitter:label1\" content=\"Est. reading time\" \/>\n\t<meta name=\"twitter:data1\" content=\"2 minutes\" \/>\n<script type=\"application\/ld+json\" class=\"yoast-schema-graph\">{\"@context\":\"https:\/\/schema.org\",\"@graph\":[{\"@type\":\"WebPage\",\"@id\":\"https:\/\/bpact.be\/clients\/fr\/a-propos-de-bpact\/\",\"url\":\"https:\/\/bpact.be\/clients\/fr\/a-propos-de-bpact\/\",\"name\":\"\u00c0 propos de Bpact - Bpact Clients\",\"isPartOf\":{\"@id\":\"https:\/\/bpact.be\/clients\/#website\"},\"primaryImageOfPage\":{\"@id\":\"https:\/\/bpact.be\/clients\/fr\/a-propos-de-bpact\/#primaryimage\"},\"image\":{\"@id\":\"https:\/\/bpact.be\/clients\/fr\/a-propos-de-bpact\/#primaryimage\"},\"thumbnailUrl\":\"https:\/\/bpact.be\/clients\/wp-content\/uploads\/sites\/12\/2019\/05\/accolade-links.png\",\"datePublished\":\"2024-01-12T11:55:28+00:00\",\"dateModified\":\"2026-01-22T10:51:58+00:00\",\"breadcrumb\":{\"@id\":\"https:\/\/bpact.be\/clients\/fr\/a-propos-de-bpact\/#breadcrumb\"},\"inLanguage\":\"en-US\",\"potentialAction\":[{\"@type\":\"ReadAction\",\"target\":[\"https:\/\/bpact.be\/clients\/fr\/a-propos-de-bpact\/\"]}]},{\"@type\":\"ImageObject\",\"inLanguage\":\"en-US\",\"@id\":\"https:\/\/bpact.be\/clients\/fr\/a-propos-de-bpact\/#primaryimage\",\"url\":\"https:\/\/bpact.be\/clients\/wp-content\/uploads\/sites\/12\/2019\/05\/accolade-links.png\",\"contentUrl\":\"https:\/\/bpact.be\/clients\/wp-content\/uploads\/sites\/12\/2019\/05\/accolade-links.png\",\"width\":150,\"height\":150},{\"@type\":\"BreadcrumbList\",\"@id\":\"https:\/\/bpact.be\/clients\/fr\/a-propos-de-bpact\/#breadcrumb\",\"itemListElement\":[{\"@type\":\"ListItem\",\"position\":1,\"name\":\"Home\",\"item\":\"https:\/\/bpact.be\/clients\/nl\/\"},{\"@type\":\"ListItem\",\"position\":2,\"name\":\"\u00c0 propos de Bpact\"}]},{\"@type\":\"WebSite\",\"@id\":\"https:\/\/bpact.be\/clients\/#website\",\"url\":\"https:\/\/bpact.be\/clients\/\",\"name\":\"Bpact Clients\",\"description\":\"\",\"publisher\":{\"@id\":\"https:\/\/bpact.be\/clients\/#organization\"},\"potentialAction\":[{\"@type\":\"SearchAction\",\"target\":{\"@type\":\"EntryPoint\",\"urlTemplate\":\"https:\/\/bpact.be\/clients\/?s={search_term_string}\"},\"query-input\":{\"@type\":\"PropertyValueSpecification\",\"valueRequired\":true,\"valueName\":\"search_term_string\"}}],\"inLanguage\":\"en-US\"},{\"@type\":\"Organization\",\"@id\":\"https:\/\/bpact.be\/clients\/#organization\",\"name\":\"Bpact Clients\",\"url\":\"https:\/\/bpact.be\/clients\/\",\"logo\":{\"@type\":\"ImageObject\",\"inLanguage\":\"en-US\",\"@id\":\"https:\/\/bpact.be\/clients\/#\/schema\/logo\/image\/\",\"url\":\"https:\/\/bpact.be\/clients\/wp-content\/uploads\/sites\/12\/2019\/05\/Bpact_-BT.jpg\",\"contentUrl\":\"https:\/\/bpact.be\/clients\/wp-content\/uploads\/sites\/12\/2019\/05\/Bpact_-BT.jpg\",\"width\":420,\"height\":384,\"caption\":\"Bpact Clients\"},\"image\":{\"@id\":\"https:\/\/bpact.be\/clients\/#\/schema\/logo\/image\/\"}}]}<\/script>\n<!-- \/ Yoast SEO plugin. -->","yoast_head_json":{"title":"\u00c0 propos de Bpact - Bpact Clients","robots":{"index":"index","follow":"follow","max-snippet":"max-snippet:-1","max-image-preview":"max-image-preview:large","max-video-preview":"max-video-preview:-1"},"canonical":"https:\/\/bpact.be\/clients\/fr\/a-propos-de-bpact\/","og_locale":"en_US","og_type":"article","og_title":"\u00c0 propos de Bpact - Bpact Clients","og_description":"\u00c0 propos de Bpact Notre mission et notre d\u00e9termination : faire entendre la voix de chaque Belge Nous sommes convaincus que la prise de d\u00e9cisions ne peut se faire sans une vision pr\u00e9cise de ce qui anime la population. C\u2019est pourquoi nous nous engageons \u00e0 collecter des donn\u00e9es enrichies sur les sujets de soci\u00e9t\u00e9 qui [&hellip;]","og_url":"https:\/\/bpact.be\/clients\/fr\/a-propos-de-bpact\/","og_site_name":"Bpact Clients","article_modified_time":"2026-01-22T10:51:58+00:00","og_image":[{"url":"https:\/\/bpact.be\/clients\/wp-content\/uploads\/sites\/12\/2019\/05\/accolade-links.png","type":"","width":"","height":""}],"twitter_card":"summary_large_image","twitter_misc":{"Est. reading time":"2 minutes"},"schema":{"@context":"https:\/\/schema.org","@graph":[{"@type":"WebPage","@id":"https:\/\/bpact.be\/clients\/fr\/a-propos-de-bpact\/","url":"https:\/\/bpact.be\/clients\/fr\/a-propos-de-bpact\/","name":"\u00c0 propos de Bpact - Bpact Clients","isPartOf":{"@id":"https:\/\/bpact.be\/clients\/#website"},"primaryImageOfPage":{"@id":"https:\/\/bpact.be\/clients\/fr\/a-propos-de-bpact\/#primaryimage"},"image":{"@id":"https:\/\/bpact.be\/clients\/fr\/a-propos-de-bpact\/#primaryimage"},"thumbnailUrl":"https:\/\/bpact.be\/clients\/wp-content\/uploads\/sites\/12\/2019\/05\/accolade-links.png","datePublished":"2024-01-12T11:55:28+00:00","dateModified":"2026-01-22T10:51:58+00:00","breadcrumb":{"@id":"https:\/\/bpact.be\/clients\/fr\/a-propos-de-bpact\/#breadcrumb"},"inLanguage":"en-US","potentialAction":[{"@type":"ReadAction","target":["https:\/\/bpact.be\/clients\/fr\/a-propos-de-bpact\/"]}]},{"@type":"ImageObject","inLanguage":"en-US","@id":"https:\/\/bpact.be\/clients\/fr\/a-propos-de-bpact\/#primaryimage","url":"https:\/\/bpact.be\/clients\/wp-content\/uploads\/sites\/12\/2019\/05\/accolade-links.png","contentUrl":"https:\/\/bpact.be\/clients\/wp-content\/uploads\/sites\/12\/2019\/05\/accolade-links.png","width":150,"height":150},{"@type":"BreadcrumbList","@id":"https:\/\/bpact.be\/clients\/fr\/a-propos-de-bpact\/#breadcrumb","itemListElement":[{"@type":"ListItem","position":1,"name":"Home","item":"https:\/\/bpact.be\/clients\/nl\/"},{"@type":"ListItem","position":2,"name":"\u00c0 propos de Bpact"}]},{"@type":"WebSite","@id":"https:\/\/bpact.be\/clients\/#website","url":"https:\/\/bpact.be\/clients\/","name":"Bpact Clients","description":"","publisher":{"@id":"https:\/\/bpact.be\/clients\/#organization"},"potentialAction":[{"@type":"SearchAction","target":{"@type":"EntryPoint","urlTemplate":"https:\/\/bpact.be\/clients\/?s={search_term_string}"},"query-input":{"@type":"PropertyValueSpecification","valueRequired":true,"valueName":"search_term_string"}}],"inLanguage":"en-US"},{"@type":"Organization","@id":"https:\/\/bpact.be\/clients\/#organization","name":"Bpact Clients","url":"https:\/\/bpact.be\/clients\/","logo":{"@type":"ImageObject","inLanguage":"en-US","@id":"https:\/\/bpact.be\/clients\/#\/schema\/logo\/image\/","url":"https:\/\/bpact.be\/clients\/wp-content\/uploads\/sites\/12\/2019\/05\/Bpact_-BT.jpg","contentUrl":"https:\/\/bpact.be\/clients\/wp-content\/uploads\/sites\/12\/2019\/05\/Bpact_-BT.jpg","width":420,"height":384,"caption":"Bpact Clients"},"image":{"@id":"https:\/\/bpact.be\/clients\/#\/schema\/logo\/image\/"}}]}},"_links":{"self":[{"href":"https:\/\/bpact.be\/clients\/wp-json\/wp\/v2\/pages\/5634","targetHints":{"allow":["GET"]}}],"collection":[{"href":"https:\/\/bpact.be\/clients\/wp-json\/wp\/v2\/pages"}],"about":[{"href":"https:\/\/bpact.be\/clients\/wp-json\/wp\/v2\/types\/page"}],"author":[{"embeddable":true,"href":"https:\/\/bpact.be\/clients\/wp-json\/wp\/v2\/users\/1"}],"replies":[{"embeddable":true,"href":"https:\/\/bpact.be\/clients\/wp-json\/wp\/v2\/comments?post=5634"}],"version-history":[{"count":22,"href":"https:\/\/bpact.be\/clients\/wp-json\/wp\/v2\/pages\/5634\/revisions"}],"predecessor-version":[{"id":6033,"href":"https:\/\/bpact.be\/clients\/wp-json\/wp\/v2\/pages\/5634\/revisions\/6033"}],"wp:attachment":[{"href":"https:\/\/bpact.be\/clients\/wp-json\/wp\/v2\/media?parent=5634"}],"curies":[{"name":"wp","href":"https:\/\/api.w.org\/{rel}","templated":true}]}}