{"id":2603,"date":"2022-04-01T11:13:34","date_gmt":"2022-04-01T10:13:34","guid":{"rendered":"https:\/\/bpact.be\/?page_id=2603"},"modified":"2022-07-15T11:16:22","modified_gmt":"2022-07-15T10:16:22","slug":"1er-avril","status":"publish","type":"page","link":"https:\/\/bpact.be\/panel\/fr\/1er-avril\/","title":{"rendered":"1er avril !"},"content":{"rendered":"\t\t<div data-elementor-type=\"wp-post\" data-elementor-id=\"2603\" class=\"elementor elementor-2603\">\n\t\t\t\t\t\t<section class=\"elementor-section elementor-top-section elementor-element elementor-element-a1b3701 elementor-section-full_width elementor-section-stretched elementor-section-height-default elementor-section-height-default\" data-id=\"a1b3701\" data-element_type=\"section\" data-e-type=\"section\" data-settings=\"{&quot;stretch_section&quot;:&quot;section-stretched&quot;,&quot;background_background&quot;:&quot;classic&quot;}\">\n\t\t\t\t\t\t<div class=\"elementor-container elementor-column-gap-default\">\n\t\t\t\t\t<div class=\"elementor-column elementor-col-100 elementor-top-column elementor-element elementor-element-02876f7\" data-id=\"02876f7\" data-element_type=\"column\" data-e-type=\"column\">\n\t\t\t<div class=\"elementor-widget-wrap elementor-element-populated\">\n\t\t\t\t\t\t<div class=\"elementor-element elementor-element-fd66ace elementor-widget elementor-widget-heading\" data-id=\"fd66ace\" data-element_type=\"widget\" data-e-type=\"widget\" data-widget_type=\"heading.default\">\n\t\t\t\t<div class=\"elementor-widget-container\">\n\t\t\t\t\t<h1 class=\"elementor-heading-title elementor-size-default\">1er avril !<\/h1>\t\t\t\t<\/div>\n\t\t\t\t<\/div>\n\t\t\t\t\t<\/div>\n\t\t<\/div>\n\t\t\t\t\t<\/div>\n\t\t<\/section>\n\t\t\t\t<section class=\"elementor-section elementor-top-section elementor-element elementor-element-91daa8d elementor-section-stretched elementor-section-boxed elementor-section-height-default elementor-section-height-default\" data-id=\"91daa8d\" data-element_type=\"section\" data-e-type=\"section\" data-settings=\"{&quot;stretch_section&quot;:&quot;section-stretched&quot;}\">\n\t\t\t\t\t\t<div class=\"elementor-container elementor-column-gap-default\">\n\t\t\t\t\t<div class=\"elementor-column elementor-col-100 elementor-top-column elementor-element elementor-element-63d3441\" data-id=\"63d3441\" data-element_type=\"column\" data-e-type=\"column\">\n\t\t\t<div class=\"elementor-widget-wrap elementor-element-populated\">\n\t\t\t\t\t\t<div class=\"elementor-element elementor-element-37f9d0f elementor-widget elementor-widget-text-editor\" data-id=\"37f9d0f\" data-element_type=\"widget\" data-e-type=\"widget\" data-widget_type=\"text-editor.default\">\n\t\t\t\t<div class=\"elementor-widget-container\">\n\t\t\t\t\t\t\t\t\t<p><span style=\"font-weight: 400;\"><strong>Vous vous \u00eates fait avoir !<\/strong> Le gouvernement f\u00e9d\u00e9ral n&#8217;a pas l&#8217;intention d&#8217;introduire une politique de chien unique. Mais si c&#8217;\u00e9tait le cas, vous pourriez avoir votre mot \u00e0 dire chez Bpact.<\/span><\/p><p><span style=\"font-weight: 400;\">En tant que membre du panel Bpact, vous avez pu donner votre avis sur le travail, les finances, le bien-\u00eatre et la mobilit\u00e9. Vous souhaitez \u00e9galement donner votre avis sur des questions sociales et avoir un impact ? Alors rejoignez Bpact !<\/span><\/p>\t\t\t\t\t\t\t\t<\/div>\n\t\t\t\t<\/div>\n\t\t\t\t<div class=\"elementor-element elementor-element-e57a64b elementor-align-center elementor-widget elementor-widget-button\" data-id=\"e57a64b\" data-element_type=\"widget\" data-e-type=\"widget\" data-widget_type=\"button.default\">\n\t\t\t\t<div class=\"elementor-widget-container\">\n\t\t\t\t\t\t\t\t\t<div class=\"elementor-button-wrapper\">\n\t\t\t\t\t<a class=\"elementor-button elementor-button-link elementor-size-md\" href=\"http:\/\/enquete.bpact.be\/s3\/bienvenue\">\n\t\t\t\t\t\t<span class=\"elementor-button-content-wrapper\">\n\t\t\t\t\t\t\t\t\t<span class=\"elementor-button-text\">Oui, je participe !<\/span>\n\t\t\t\t\t<\/span>\n\t\t\t\t\t<\/a>\n\t\t\t\t<\/div>\n\t\t\t\t\t\t\t\t<\/div>\n\t\t\t\t<\/div>\n\t\t\t\t\t<\/div>\n\t\t<\/div>\n\t\t\t\t\t<\/div>\n\t\t<\/section>\n\t\t\t\t<\/div>\n\t\t","protected":false},"excerpt":{"rendered":"<p>1er avril ! Vous vous \u00eates fait avoir ! Le gouvernement f\u00e9d\u00e9ral n&#8217;a pas l&#8217;intention d&#8217;introduire une politique de chien unique. Mais si c&#8217;\u00e9tait le cas, vous pourriez avoir votre mot \u00e0 dire chez Bpact. En tant que membre du panel Bpact, vous avez pu donner votre avis sur le travail, les finances, le bien-\u00eatre [&hellip;]<\/p>\n","protected":false},"author":12,"featured_media":0,"parent":0,"menu_order":0,"comment_status":"closed","ping_status":"closed","template":"","meta":{"ocean_post_layout":"","ocean_both_sidebars_style":"","ocean_both_sidebars_content_width":0,"ocean_both_sidebars_sidebars_width":0,"ocean_sidebar":"0","ocean_second_sidebar":"0","ocean_disable_margins":"on","ocean_add_body_class":"","ocean_shortcode_before_top_bar":"","ocean_shortcode_after_top_bar":"","ocean_shortcode_before_header":"","ocean_shortcode_after_header":"","ocean_has_shortcode":"","ocean_shortcode_after_title":"","ocean_shortcode_before_footer_widgets":"","ocean_shortcode_after_footer_widgets":"","ocean_shortcode_before_footer_bottom":"","ocean_shortcode_after_footer_bottom":"","ocean_display_top_bar":"default","ocean_display_header":"default","ocean_header_style":"","ocean_center_header_left_menu":"0","ocean_custom_header_template":"0","ocean_custom_logo":0,"ocean_custom_retina_logo":0,"ocean_custom_logo_max_width":0,"ocean_custom_logo_tablet_max_width":0,"ocean_custom_logo_mobile_max_width":0,"ocean_custom_logo_max_height":0,"ocean_custom_logo_tablet_max_height":0,"ocean_custom_logo_mobile_max_height":0,"ocean_header_custom_menu":"0","ocean_menu_typo_font_family":"0","ocean_menu_typo_font_subset":"","ocean_menu_typo_font_size":0,"ocean_menu_typo_font_size_tablet":0,"ocean_menu_typo_font_size_mobile":0,"ocean_menu_typo_font_size_unit":"px","ocean_menu_typo_font_weight":"","ocean_menu_typo_font_weight_tablet":"","ocean_menu_typo_font_weight_mobile":"","ocean_menu_typo_transform":"","ocean_menu_typo_transform_tablet":"","ocean_menu_typo_transform_mobile":"","ocean_menu_typo_line_height":0,"ocean_menu_typo_line_height_tablet":0,"ocean_menu_typo_line_height_mobile":0,"ocean_menu_typo_line_height_unit":"","ocean_menu_typo_spacing":0,"ocean_menu_typo_spacing_tablet":0,"ocean_menu_typo_spacing_mobile":0,"ocean_menu_typo_spacing_unit":"","ocean_menu_link_color":"","ocean_menu_link_color_hover":"","ocean_menu_link_color_active":"","ocean_menu_link_background":"","ocean_menu_link_hover_background":"","ocean_menu_link_active_background":"","ocean_menu_social_links_bg":"","ocean_menu_social_hover_links_bg":"","ocean_menu_social_links_color":"","ocean_menu_social_hover_links_color":"","ocean_disable_title":"default","ocean_disable_heading":"default","ocean_post_title":"","ocean_post_subheading":"","ocean_post_title_style":"","ocean_post_title_background_color":"","ocean_post_title_background":0,"ocean_post_title_bg_image_position":"","ocean_post_title_bg_image_attachment":"","ocean_post_title_bg_image_repeat":"","ocean_post_title_bg_image_size":"","ocean_post_title_height":0,"ocean_post_title_bg_overlay":0.5,"ocean_post_title_bg_overlay_color":"","ocean_disable_breadcrumbs":"default","ocean_breadcrumbs_color":"","ocean_breadcrumbs_separator_color":"","ocean_breadcrumbs_links_color":"","ocean_breadcrumbs_links_hover_color":"","ocean_display_footer_widgets":"default","ocean_display_footer_bottom":"default","ocean_custom_footer_template":"0","footnotes":""},"class_list":["post-2603","page","type-page","status-publish","hentry","entry"],"yoast_head":"<!-- This site is optimized with the Yoast SEO plugin v27.5 - https:\/\/yoast.com\/product\/yoast-seo-wordpress\/ -->\n<title>1er avril ! - Bpact Panel<\/title>\n<meta name=\"robots\" content=\"index, follow, max-snippet:-1, max-image-preview:large, max-video-preview:-1\" \/>\n<link rel=\"canonical\" href=\"https:\/\/bpact.be\/panel\/fr\/1er-avril\/\" \/>\n<meta property=\"og:locale\" content=\"nl_NL\" \/>\n<meta property=\"og:type\" content=\"article\" \/>\n<meta property=\"og:title\" content=\"1er avril ! - Bpact Panel\" \/>\n<meta property=\"og:description\" content=\"1er avril ! Vous vous \u00eates fait avoir ! Le gouvernement f\u00e9d\u00e9ral n&#8217;a pas l&#8217;intention d&#8217;introduire une politique de chien unique. Mais si c&#8217;\u00e9tait le cas, vous pourriez avoir votre mot \u00e0 dire chez Bpact. En tant que membre du panel Bpact, vous avez pu donner votre avis sur le travail, les finances, le bien-\u00eatre [&hellip;]\" \/>\n<meta property=\"og:url\" content=\"https:\/\/bpact.be\/panel\/fr\/1er-avril\/\" \/>\n<meta property=\"og:site_name\" content=\"Bpact Panel\" \/>\n<meta property=\"article:modified_time\" content=\"2022-07-15T10:16:22+00:00\" \/>\n<meta name=\"twitter:card\" content=\"summary_large_image\" \/>\n<script type=\"application\/ld+json\" class=\"yoast-schema-graph\">{\"@context\":\"https:\\\/\\\/schema.org\",\"@graph\":[{\"@type\":\"WebPage\",\"@id\":\"https:\\\/\\\/bpact.be\\\/panel\\\/fr\\\/1er-avril\\\/\",\"url\":\"https:\\\/\\\/bpact.be\\\/panel\\\/fr\\\/1er-avril\\\/\",\"name\":\"1er avril ! - Bpact Panel\",\"isPartOf\":{\"@id\":\"https:\\\/\\\/bpact.be\\\/panel\\\/#website\"},\"datePublished\":\"2022-04-01T10:13:34+00:00\",\"dateModified\":\"2022-07-15T10:16:22+00:00\",\"breadcrumb\":{\"@id\":\"https:\\\/\\\/bpact.be\\\/panel\\\/fr\\\/1er-avril\\\/#breadcrumb\"},\"inLanguage\":\"nl-NL\",\"potentialAction\":[{\"@type\":\"ReadAction\",\"target\":[\"https:\\\/\\\/bpact.be\\\/panel\\\/fr\\\/1er-avril\\\/\"]}]},{\"@type\":\"BreadcrumbList\",\"@id\":\"https:\\\/\\\/bpact.be\\\/panel\\\/fr\\\/1er-avril\\\/#breadcrumb\",\"itemListElement\":[{\"@type\":\"ListItem\",\"position\":1,\"name\":\"Home\",\"item\":\"https:\\\/\\\/bpact.be\\\/panel\\\/nl\\\/\"},{\"@type\":\"ListItem\",\"position\":2,\"name\":\"1er avril !\"}]},{\"@type\":\"WebSite\",\"@id\":\"https:\\\/\\\/bpact.be\\\/panel\\\/#website\",\"url\":\"https:\\\/\\\/bpact.be\\\/panel\\\/\",\"name\":\"Bpact Panel\",\"description\":\"\",\"publisher\":{\"@id\":\"https:\\\/\\\/bpact.be\\\/panel\\\/#organization\"},\"potentialAction\":[{\"@type\":\"SearchAction\",\"target\":{\"@type\":\"EntryPoint\",\"urlTemplate\":\"https:\\\/\\\/bpact.be\\\/panel\\\/?s={search_term_string}\"},\"query-input\":{\"@type\":\"PropertyValueSpecification\",\"valueRequired\":true,\"valueName\":\"search_term_string\"}}],\"inLanguage\":\"nl-NL\"},{\"@type\":\"Organization\",\"@id\":\"https:\\\/\\\/bpact.be\\\/panel\\\/#organization\",\"name\":\"Bpact Panel\",\"url\":\"https:\\\/\\\/bpact.be\\\/panel\\\/\",\"logo\":{\"@type\":\"ImageObject\",\"inLanguage\":\"nl-NL\",\"@id\":\"https:\\\/\\\/bpact.be\\\/panel\\\/#\\\/schema\\\/logo\\\/image\\\/\",\"url\":\"https:\\\/\\\/bpact.be\\\/panel\\\/wp-content\\\/uploads\\\/sites\\\/11\\\/2019\\\/05\\\/Bpact_-BT.jpg\",\"contentUrl\":\"https:\\\/\\\/bpact.be\\\/panel\\\/wp-content\\\/uploads\\\/sites\\\/11\\\/2019\\\/05\\\/Bpact_-BT.jpg\",\"width\":420,\"height\":384,\"caption\":\"Bpact Panel\"},\"image\":{\"@id\":\"https:\\\/\\\/bpact.be\\\/panel\\\/#\\\/schema\\\/logo\\\/image\\\/\"}}]}<\/script>\n<!-- \/ Yoast SEO plugin. -->","yoast_head_json":{"title":"1er avril ! - Bpact Panel","robots":{"index":"index","follow":"follow","max-snippet":"max-snippet:-1","max-image-preview":"max-image-preview:large","max-video-preview":"max-video-preview:-1"},"canonical":"https:\/\/bpact.be\/panel\/fr\/1er-avril\/","og_locale":"nl_NL","og_type":"article","og_title":"1er avril ! - Bpact Panel","og_description":"1er avril ! Vous vous \u00eates fait avoir ! Le gouvernement f\u00e9d\u00e9ral n&#8217;a pas l&#8217;intention d&#8217;introduire une politique de chien unique. Mais si c&#8217;\u00e9tait le cas, vous pourriez avoir votre mot \u00e0 dire chez Bpact. En tant que membre du panel Bpact, vous avez pu donner votre avis sur le travail, les finances, le bien-\u00eatre [&hellip;]","og_url":"https:\/\/bpact.be\/panel\/fr\/1er-avril\/","og_site_name":"Bpact Panel","article_modified_time":"2022-07-15T10:16:22+00:00","twitter_card":"summary_large_image","schema":{"@context":"https:\/\/schema.org","@graph":[{"@type":"WebPage","@id":"https:\/\/bpact.be\/panel\/fr\/1er-avril\/","url":"https:\/\/bpact.be\/panel\/fr\/1er-avril\/","name":"1er avril ! - Bpact Panel","isPartOf":{"@id":"https:\/\/bpact.be\/panel\/#website"},"datePublished":"2022-04-01T10:13:34+00:00","dateModified":"2022-07-15T10:16:22+00:00","breadcrumb":{"@id":"https:\/\/bpact.be\/panel\/fr\/1er-avril\/#breadcrumb"},"inLanguage":"nl-NL","potentialAction":[{"@type":"ReadAction","target":["https:\/\/bpact.be\/panel\/fr\/1er-avril\/"]}]},{"@type":"BreadcrumbList","@id":"https:\/\/bpact.be\/panel\/fr\/1er-avril\/#breadcrumb","itemListElement":[{"@type":"ListItem","position":1,"name":"Home","item":"https:\/\/bpact.be\/panel\/nl\/"},{"@type":"ListItem","position":2,"name":"1er avril !"}]},{"@type":"WebSite","@id":"https:\/\/bpact.be\/panel\/#website","url":"https:\/\/bpact.be\/panel\/","name":"Bpact Panel","description":"","publisher":{"@id":"https:\/\/bpact.be\/panel\/#organization"},"potentialAction":[{"@type":"SearchAction","target":{"@type":"EntryPoint","urlTemplate":"https:\/\/bpact.be\/panel\/?s={search_term_string}"},"query-input":{"@type":"PropertyValueSpecification","valueRequired":true,"valueName":"search_term_string"}}],"inLanguage":"nl-NL"},{"@type":"Organization","@id":"https:\/\/bpact.be\/panel\/#organization","name":"Bpact Panel","url":"https:\/\/bpact.be\/panel\/","logo":{"@type":"ImageObject","inLanguage":"nl-NL","@id":"https:\/\/bpact.be\/panel\/#\/schema\/logo\/image\/","url":"https:\/\/bpact.be\/panel\/wp-content\/uploads\/sites\/11\/2019\/05\/Bpact_-BT.jpg","contentUrl":"https:\/\/bpact.be\/panel\/wp-content\/uploads\/sites\/11\/2019\/05\/Bpact_-BT.jpg","width":420,"height":384,"caption":"Bpact Panel"},"image":{"@id":"https:\/\/bpact.be\/panel\/#\/schema\/logo\/image\/"}}]}},"_links":{"self":[{"href":"https:\/\/bpact.be\/panel\/wp-json\/wp\/v2\/pages\/2603","targetHints":{"allow":["GET"]}}],"collection":[{"href":"https:\/\/bpact.be\/panel\/wp-json\/wp\/v2\/pages"}],"about":[{"href":"https:\/\/bpact.be\/panel\/wp-json\/wp\/v2\/types\/page"}],"author":[{"embeddable":true,"href":"https:\/\/bpact.be\/panel\/wp-json\/wp\/v2\/users\/12"}],"replies":[{"embeddable":true,"href":"https:\/\/bpact.be\/panel\/wp-json\/wp\/v2\/comments?post=2603"}],"version-history":[{"count":16,"href":"https:\/\/bpact.be\/panel\/wp-json\/wp\/v2\/pages\/2603\/revisions"}],"predecessor-version":[{"id":2639,"href":"https:\/\/bpact.be\/panel\/wp-json\/wp\/v2\/pages\/2603\/revisions\/2639"}],"wp:attachment":[{"href":"https:\/\/bpact.be\/panel\/wp-json\/wp\/v2\/media?parent=2603"}],"curies":[{"name":"wp","href":"https:\/\/api.w.org\/{rel}","templated":true}]}}